{"id":90,"date":"2020-07-29T19:33:10","date_gmt":"2020-07-29T19:33:10","guid":{"rendered":"https:\/\/mediaplannerblog.com\/about-us\/"},"modified":"2021-03-13T07:38:43","modified_gmt":"2021-03-13T05:38:43","slug":"o-meni","status":"publish","type":"page","link":"https:\/\/mediaplannerblog.com\/sr\/o-meni\/","title":{"rendered":"O meni"},"content":{"rendered":"<div style=\"color:#ddd\" class=\"wp-block-genesis-blocks-gb-spacer gb-block-spacer gb-divider-solid gb-divider-size-1\"><hr style=\"height:30px\"\/><\/div>\n\n\n\n<div class=\"wp-block-image\"><figure class=\"alignleft size-medium is-resized\"><img fetchpriority=\"high\" decoding=\"async\" src=\"https:\/\/mediaplannerblog.com\/wp-content\/uploads\/2020\/09\/1544170683452-276x300.jpg\" alt=\"predrag-arandjelovic | mediaplannerblog.com\" class=\"wp-image-477\" width=\"322\" height=\"345\"\/><\/figure><\/div>\n\n\n\n<p>Ko&nbsp;sam&nbsp;ja?&nbsp;<\/p>\n\n\n\n<p class=\"has-text-align-justify\">Medija&nbsp;planer&nbsp;smara\u010d. Tako bi me opisala moja&nbsp;lep\u0161a polovina.<\/p>\n\n\n\n<p class=\"has-text-align-left\">U stvari, ja sam in\u017eenjer vazduhoplovnog saobra\u0107aja koji se pre vi\u0161e od 10 godina, tra\u017ee\u0107i posao, prijavio na oglas za poziciju medija planera i uplovio u interesantan svet medija, ogla\u0161avanja i marketinga. Mu\u017e, otac prelepog de\u010daka, ljubitelj Star&nbsp;Wars&nbsp;filmova i strastan&nbsp;gejmer.<\/p>\n\n\n\n<p class=\"has-text-align-left\">      Tokom <em><strong><a href=\"https:\/\/www.linkedin.com\/in\/predrag-arandjelovic\/\" target=\"_blank\" rel=\"noreferrer noopener\">svoje karijere<\/a><\/strong><\/em> imao sam prilike da radim u nekim od najve\u0107ih medijskih agencija poput\u00a0Direct\u00a0Media, New Moment i\u00a0Universal\u00a0Media, kao i sa velikim klijentima poput LG\u00a0Electronics,\u00a0Huawei,\u00a0L\u2019Oreal,\u00a0Coca-Cola. Tako\u0111e, imao sam prilike da radim i u jednoj od najve\u0107ih medijskih ku\u0107a,\u00a0Ringier\u00a0Axel\u00a0Springer, kao i da u\u010destvujem u pokretanju jednog velikog\u00a0ecommerce\u00a0projekta. Ovo mi je omogu\u0107ilo da steknem veliko znanje i iskustvo iz oblasti medija, ogla\u0161avanja i\u00a0ecommerce. Ovaj blog je i pokrenut ba\u0161 iz tog razloga, da svoje znanje i iskustvo podelim sa svima onima koje ove oblasti zanimaju.<\/p>\n\n\n\n<p class=\"has-text-align-left\">Nadam se da \u0107u putem postova koje \u0107u objavljivati u tome i uspeti, a vas bih zamolio da mi svojim savetima i sugestijama pomognete da unapredim svoj blog, i ujedno razmenimo ste\u010deno znanje.<\/p>\n\n\n\n<p>\u017delim vam prijatno \u010ditanje!&nbsp;<\/p>\n\n\n\n<p>Pozdrav,<\/p>\n\n\n\n<h3 class=\"wp-block-heading\"><em>Pe\u0111a<\/em>&nbsp;<\/h3>","protected":false},"excerpt":{"rendered":"<p>Ko&nbsp;sam&nbsp;ja?&nbsp; Medija&nbsp;planer&nbsp;smara\u010d. Tako bi me opisala moja&nbsp;lep\u0161a polovina. U stvari, ja sam in\u017eenjer vazduhoplovnog saobra\u0107aja koji se pre vi\u0161e od 10 godina, tra\u017ee\u0107i posao, prijavio na oglas za poziciju medija planera i uplovio u interesantan svet medija, ogla\u0161avanja i marketinga. Mu\u017e, otac prelepog de\u010daka, ljubitelj Star&nbsp;Wars&nbsp;filmova i strastan&nbsp;gejmer. Tokom svoje karijere imao sam prilike da [&hellip;]<\/p>\n","protected":false},"author":2,"featured_media":477,"parent":0,"menu_order":0,"comment_status":"closed","ping_status":"closed","template":"","meta":{"_genesis_hide_title":true,"_genesis_hide_breadcrumbs":false,"_genesis_hide_singular_image":true,"_genesis_hide_footer_widgets":false,"_genesis_custom_body_class":"","_genesis_custom_post_class":"","_genesis_layout":"full-width-content","footnotes":""},"categories":[],"tags":[],"class_list":{"0":"post-90","1":"page","2":"type-page","3":"status-publish","4":"has-post-thumbnail","6":"entry"},"yoast_head":"<!-- This site is optimized with the Yoast SEO plugin v27.4 - https:\/\/yoast.com\/product\/yoast-seo-wordpress\/ -->\n<title>O meni - mediaplannerblog<\/title>\n<meta name=\"robots\" content=\"noindex, nofollow\" \/>\n<meta property=\"og:locale\" content=\"sr_RS\" \/>\n<meta property=\"og:type\" content=\"article\" \/>\n<meta property=\"og:title\" content=\"O meni - mediaplannerblog\" \/>\n<meta property=\"og:description\" content=\"Ko&nbsp;sam&nbsp;ja?&nbsp; Medija&nbsp;planer&nbsp;smara\u010d. Tako bi me opisala moja&nbsp;lep\u0161a polovina. U stvari, ja sam in\u017eenjer vazduhoplovnog saobra\u0107aja koji se pre vi\u0161e od 10 godina, tra\u017ee\u0107i posao, prijavio na oglas za poziciju medija planera i uplovio u interesantan svet medija, ogla\u0161avanja i marketinga. Mu\u017e, otac prelepog de\u010daka, ljubitelj Star&nbsp;Wars&nbsp;filmova i strastan&nbsp;gejmer. Tokom svoje karijere imao sam prilike da [&hellip;]\" \/>\n<meta property=\"og:url\" content=\"https:\/\/mediaplannerblog.com\/sr\/o-meni\/\" \/>\n<meta property=\"og:site_name\" content=\"mediaplannerblog\" \/>\n<meta property=\"article:publisher\" content=\"https:\/\/www.facebook.com\/mediaplannerblog\" \/>\n<meta property=\"article:modified_time\" content=\"2021-03-13T05:38:43+00:00\" \/>\n<meta property=\"og:image\" content=\"https:\/\/mediaplannerblog.com\/wp-content\/uploads\/2020\/09\/1544170683452.jpg\" \/>\n\t<meta property=\"og:image:width\" content=\"480\" \/>\n\t<meta property=\"og:image:height\" content=\"521\" \/>\n\t<meta property=\"og:image:type\" content=\"image\/jpeg\" \/>\n<meta name=\"twitter:card\" content=\"summary_large_image\" \/>\n<meta name=\"twitter:label1\" content=\"\u041f\u0440\u043e\u0446\u0435\u045a\u0435\u043d\u043e \u0432\u0440\u0435\u043c\u0435 \u0447\u0438\u0442\u0430\u045a\u0430\" \/>\n\t<meta name=\"twitter:data1\" content=\"2 \u043c\u0438\u043d\u0443\u0442\u0430\" \/>\n<script type=\"application\/ld+json\" class=\"yoast-schema-graph\">{\"@context\":\"https:\\\/\\\/schema.org\",\"@graph\":[{\"@type\":\"WebPage\",\"@id\":\"https:\\\/\\\/mediaplannerblog.com\\\/o-meni\\\/\",\"url\":\"https:\\\/\\\/mediaplannerblog.com\\\/o-meni\\\/\",\"name\":\"O meni - mediaplannerblog\",\"isPartOf\":{\"@id\":\"https:\\\/\\\/mediaplannerblog.com\\\/#website\"},\"primaryImageOfPage\":{\"@id\":\"https:\\\/\\\/mediaplannerblog.com\\\/o-meni\\\/#primaryimage\"},\"image\":{\"@id\":\"https:\\\/\\\/mediaplannerblog.com\\\/o-meni\\\/#primaryimage\"},\"thumbnailUrl\":\"https:\\\/\\\/mediaplannerblog.com\\\/wp-content\\\/uploads\\\/2020\\\/09\\\/1544170683452.jpg\",\"datePublished\":\"2020-07-29T19:33:10+00:00\",\"dateModified\":\"2021-03-13T05:38:43+00:00\",\"breadcrumb\":{\"@id\":\"https:\\\/\\\/mediaplannerblog.com\\\/o-meni\\\/#breadcrumb\"},\"inLanguage\":\"sr-RS\",\"potentialAction\":[{\"@type\":\"ReadAction\",\"target\":[\"https:\\\/\\\/mediaplannerblog.com\\\/o-meni\\\/\"]}]},{\"@type\":\"ImageObject\",\"inLanguage\":\"sr-RS\",\"@id\":\"https:\\\/\\\/mediaplannerblog.com\\\/o-meni\\\/#primaryimage\",\"url\":\"https:\\\/\\\/mediaplannerblog.com\\\/wp-content\\\/uploads\\\/2020\\\/09\\\/1544170683452.jpg\",\"contentUrl\":\"https:\\\/\\\/mediaplannerblog.com\\\/wp-content\\\/uploads\\\/2020\\\/09\\\/1544170683452.jpg\",\"width\":480,\"height\":521,\"caption\":\"predrag-arandjelovic4 | mediaplannerblog.com\"},{\"@type\":\"BreadcrumbList\",\"@id\":\"https:\\\/\\\/mediaplannerblog.com\\\/o-meni\\\/#breadcrumb\",\"itemListElement\":[{\"@type\":\"ListItem\",\"position\":1,\"name\":\"Naslovna\",\"item\":\"https:\\\/\\\/mediaplannerblog.com\\\/\"},{\"@type\":\"ListItem\",\"position\":2,\"name\":\"O meni\"}]},{\"@type\":\"WebSite\",\"@id\":\"https:\\\/\\\/mediaplannerblog.com\\\/#website\",\"url\":\"https:\\\/\\\/mediaplannerblog.com\\\/\",\"name\":\"mediaplannerblog\",\"description\":\"Blog o osnovama marketinga i na\u010dinu na koji funkcioni\u0161u mediji. Sve ono \u0161to vas zanima o digitalnom marketingu, SEM, SEO, Google Analytics, kao i offline medijima\",\"publisher\":{\"@id\":\"https:\\\/\\\/mediaplannerblog.com\\\/#organization\"},\"potentialAction\":[{\"@type\":\"SearchAction\",\"target\":{\"@type\":\"EntryPoint\",\"urlTemplate\":\"https:\\\/\\\/mediaplannerblog.com\\\/?s={search_term_string}\"},\"query-input\":{\"@type\":\"PropertyValueSpecification\",\"valueRequired\":true,\"valueName\":\"search_term_string\"}}],\"inLanguage\":\"sr-RS\"},{\"@type\":\"Organization\",\"@id\":\"https:\\\/\\\/mediaplannerblog.com\\\/#organization\",\"name\":\"MEDIAPLANNERBLOG\",\"url\":\"https:\\\/\\\/mediaplannerblog.com\\\/\",\"logo\":{\"@type\":\"ImageObject\",\"inLanguage\":\"sr-RS\",\"@id\":\"https:\\\/\\\/mediaplannerblog.com\\\/#\\\/schema\\\/logo\\\/image\\\/\",\"url\":\"https:\\\/\\\/mediaplannerblog.com\\\/wp-content\\\/uploads\\\/2020\\\/11\\\/9-prema-16-full-HD.png\",\"contentUrl\":\"https:\\\/\\\/mediaplannerblog.com\\\/wp-content\\\/uploads\\\/2020\\\/11\\\/9-prema-16-full-HD.png\",\"width\":4501,\"height\":8001,\"caption\":\"MEDIAPLANNERBLOG\"},\"image\":{\"@id\":\"https:\\\/\\\/mediaplannerblog.com\\\/#\\\/schema\\\/logo\\\/image\\\/\"},\"sameAs\":[\"https:\\\/\\\/www.facebook.com\\\/mediaplannerblog\",\"https:\\\/\\\/www.instagram.com\\\/mediaplannerblog\\\/\"]}]}<\/script>\n<!-- \/ Yoast SEO plugin. -->","yoast_head_json":{"title":"O meni - mediaplannerblog","robots":{"index":"noindex","follow":"nofollow"},"og_locale":"sr_RS","og_type":"article","og_title":"O meni - mediaplannerblog","og_description":"Ko&nbsp;sam&nbsp;ja?&nbsp; Medija&nbsp;planer&nbsp;smara\u010d. Tako bi me opisala moja&nbsp;lep\u0161a polovina. U stvari, ja sam in\u017eenjer vazduhoplovnog saobra\u0107aja koji se pre vi\u0161e od 10 godina, tra\u017ee\u0107i posao, prijavio na oglas za poziciju medija planera i uplovio u interesantan svet medija, ogla\u0161avanja i marketinga. Mu\u017e, otac prelepog de\u010daka, ljubitelj Star&nbsp;Wars&nbsp;filmova i strastan&nbsp;gejmer. Tokom svoje karijere imao sam prilike da [&hellip;]","og_url":"https:\/\/mediaplannerblog.com\/sr\/o-meni\/","og_site_name":"mediaplannerblog","article_publisher":"https:\/\/www.facebook.com\/mediaplannerblog","article_modified_time":"2021-03-13T05:38:43+00:00","og_image":[{"width":480,"height":521,"url":"https:\/\/mediaplannerblog.com\/wp-content\/uploads\/2020\/09\/1544170683452.jpg","type":"image\/jpeg"}],"twitter_card":"summary_large_image","twitter_misc":{"\u041f\u0440\u043e\u0446\u0435\u045a\u0435\u043d\u043e \u0432\u0440\u0435\u043c\u0435 \u0447\u0438\u0442\u0430\u045a\u0430":"2 \u043c\u0438\u043d\u0443\u0442\u0430"},"schema":{"@context":"https:\/\/schema.org","@graph":[{"@type":"WebPage","@id":"https:\/\/mediaplannerblog.com\/o-meni\/","url":"https:\/\/mediaplannerblog.com\/o-meni\/","name":"O meni - mediaplannerblog","isPartOf":{"@id":"https:\/\/mediaplannerblog.com\/#website"},"primaryImageOfPage":{"@id":"https:\/\/mediaplannerblog.com\/o-meni\/#primaryimage"},"image":{"@id":"https:\/\/mediaplannerblog.com\/o-meni\/#primaryimage"},"thumbnailUrl":"https:\/\/mediaplannerblog.com\/wp-content\/uploads\/2020\/09\/1544170683452.jpg","datePublished":"2020-07-29T19:33:10+00:00","dateModified":"2021-03-13T05:38:43+00:00","breadcrumb":{"@id":"https:\/\/mediaplannerblog.com\/o-meni\/#breadcrumb"},"inLanguage":"sr-RS","potentialAction":[{"@type":"ReadAction","target":["https:\/\/mediaplannerblog.com\/o-meni\/"]}]},{"@type":"ImageObject","inLanguage":"sr-RS","@id":"https:\/\/mediaplannerblog.com\/o-meni\/#primaryimage","url":"https:\/\/mediaplannerblog.com\/wp-content\/uploads\/2020\/09\/1544170683452.jpg","contentUrl":"https:\/\/mediaplannerblog.com\/wp-content\/uploads\/2020\/09\/1544170683452.jpg","width":480,"height":521,"caption":"predrag-arandjelovic4 | mediaplannerblog.com"},{"@type":"BreadcrumbList","@id":"https:\/\/mediaplannerblog.com\/o-meni\/#breadcrumb","itemListElement":[{"@type":"ListItem","position":1,"name":"Naslovna","item":"https:\/\/mediaplannerblog.com\/"},{"@type":"ListItem","position":2,"name":"O meni"}]},{"@type":"WebSite","@id":"https:\/\/mediaplannerblog.com\/#website","url":"https:\/\/mediaplannerblog.com\/","name":"mediaplannerblog","description":"Blog o osnovama marketinga i na\u010dinu na koji funkcioni\u0161u mediji. Sve ono \u0161to vas zanima o digitalnom marketingu, SEM, SEO, Google Analytics, kao i offline medijima","publisher":{"@id":"https:\/\/mediaplannerblog.com\/#organization"},"potentialAction":[{"@type":"SearchAction","target":{"@type":"EntryPoint","urlTemplate":"https:\/\/mediaplannerblog.com\/?s={search_term_string}"},"query-input":{"@type":"PropertyValueSpecification","valueRequired":true,"valueName":"search_term_string"}}],"inLanguage":"sr-RS"},{"@type":"Organization","@id":"https:\/\/mediaplannerblog.com\/#organization","name":"MEDIAPLANNERBLOG","url":"https:\/\/mediaplannerblog.com\/","logo":{"@type":"ImageObject","inLanguage":"sr-RS","@id":"https:\/\/mediaplannerblog.com\/#\/schema\/logo\/image\/","url":"https:\/\/mediaplannerblog.com\/wp-content\/uploads\/2020\/11\/9-prema-16-full-HD.png","contentUrl":"https:\/\/mediaplannerblog.com\/wp-content\/uploads\/2020\/11\/9-prema-16-full-HD.png","width":4501,"height":8001,"caption":"MEDIAPLANNERBLOG"},"image":{"@id":"https:\/\/mediaplannerblog.com\/#\/schema\/logo\/image\/"},"sameAs":["https:\/\/www.facebook.com\/mediaplannerblog","https:\/\/www.instagram.com\/mediaplannerblog\/"]}]}},"featured_image_src":"https:\/\/mediaplannerblog.com\/wp-content\/uploads\/2020\/09\/1544170683452.jpg","featured_image_src_square":"https:\/\/mediaplannerblog.com\/wp-content\/uploads\/2020\/09\/1544170683452.jpg","_links":{"self":[{"href":"https:\/\/mediaplannerblog.com\/sr\/wp-json\/wp\/v2\/pages\/90","targetHints":{"allow":["GET"]}}],"collection":[{"href":"https:\/\/mediaplannerblog.com\/sr\/wp-json\/wp\/v2\/pages"}],"about":[{"href":"https:\/\/mediaplannerblog.com\/sr\/wp-json\/wp\/v2\/types\/page"}],"author":[{"embeddable":true,"href":"https:\/\/mediaplannerblog.com\/sr\/wp-json\/wp\/v2\/users\/2"}],"replies":[{"embeddable":true,"href":"https:\/\/mediaplannerblog.com\/sr\/wp-json\/wp\/v2\/comments?post=90"}],"version-history":[{"count":5,"href":"https:\/\/mediaplannerblog.com\/sr\/wp-json\/wp\/v2\/pages\/90\/revisions"}],"predecessor-version":[{"id":1195,"href":"https:\/\/mediaplannerblog.com\/sr\/wp-json\/wp\/v2\/pages\/90\/revisions\/1195"}],"wp:featuredmedia":[{"embeddable":true,"href":"https:\/\/mediaplannerblog.com\/sr\/wp-json\/wp\/v2\/media\/477"}],"wp:attachment":[{"href":"https:\/\/mediaplannerblog.com\/sr\/wp-json\/wp\/v2\/media?parent=90"}],"wp:term":[{"taxonomy":"category","embeddable":true,"href":"https:\/\/mediaplannerblog.com\/sr\/wp-json\/wp\/v2\/categories?post=90"},{"taxonomy":"post_tag","embeddable":true,"href":"https:\/\/mediaplannerblog.com\/sr\/wp-json\/wp\/v2\/tags?post=90"}],"curies":[{"name":"wp","href":"https:\/\/api.w.org\/{rel}","templated":true}]}}