{"id":92,"date":"2020-07-29T19:33:18","date_gmt":"2020-07-29T19:33:18","guid":{"rendered":"https:\/\/mediaplannerblog.com\/contact-us\/"},"modified":"2023-04-20T12:44:19","modified_gmt":"2023-04-20T10:44:19","slug":"kontakt","status":"publish","type":"page","link":"https:\/\/mediaplannerblog.com\/sr\/kontakt\/","title":{"rendered":"Kontakt"},"content":{"rendered":"\n<div style=\"height:100px\" aria-hidden=\"true\" class=\"wp-block-spacer\"><\/div>\n\n\n\n<h2 class=\"wp-block-heading\" style=\"font-size:31px\"><strong>Ima\u0161 pitanje, predlog? Pi\u0161i mi.<\/strong><\/h2>\n\n\n\n<div style=\"height:30px\" aria-hidden=\"true\" class=\"wp-block-spacer\"><\/div>\n\n\n\n<p>Ukoliko vam je potrebna pomo\u0107 oko marketinga, imate sugestiju, pitanje ili jednostavno \u017eelite da me pohvalite slobodno me kontaktirajte i potrudi\u0107u se da odgovorim u \u0161to kra\u0107em roku. <\/p>\n\n\n<style id=\"wpforms-css-vars-94-block-c3981478-6331-497b-be13-1cad8754abf5\">\n\t\t\t\t#wpforms-94.wpforms-block-c3981478-6331-497b-be13-1cad8754abf5 {\n\t\t\t\t--wpforms-button-background-color: #f90000;\n\t\t\t}\n\t\t\t<\/style><div class=\"wpforms-container wpforms-container-full wpforms-block wpforms-block-c3981478-6331-497b-be13-1cad8754abf5 wpforms-render-modern\" id=\"wpforms-94\"><form id=\"wpforms-form-94\" class=\"wpforms-validate wpforms-form\" data-formid=\"94\" method=\"post\" enctype=\"multipart\/form-data\" action=\"\/sr\/wp-json\/wp\/v2\/pages\/92\" data-token=\"52b59fff34130a74b2f918298732a24d\" data-token-time=\"1777110515\"><noscript class=\"wpforms-error-noscript\">Please enable JavaScript in your browser to complete this form.<\/noscript><div id=\"wpforms-error-noscript\" style=\"display: none;\">Please enable JavaScript in your browser to complete this form.<\/div><div class=\"wpforms-field-container\"><div id=\"wpforms-94-field_0-container\" class=\"wpforms-field wpforms-field-name\" data-field-id=\"0\"><label class=\"wpforms-field-label\" for=\"wpforms-94-field_0\">Ime i prezime <span class=\"wpforms-required-label\" aria-hidden=\"true\">*<\/span><\/label><input type=\"text\" id=\"wpforms-94-field_0\" class=\"wpforms-field-medium wpforms-field-required\" name=\"wpforms[fields][0]\" aria-errormessage=\"wpforms-94-field_0-error\" required><\/div><div id=\"wpforms-94-field_1-container\" class=\"wpforms-field wpforms-field-email\" data-field-id=\"1\"><label class=\"wpforms-field-label\" for=\"wpforms-94-field_1\">Email <span class=\"wpforms-required-label\" aria-hidden=\"true\">*<\/span><\/label><input type=\"email\" id=\"wpforms-94-field_1\" class=\"wpforms-field-medium wpforms-field-required\" name=\"wpforms[fields][1]\" spellcheck=\"false\" aria-errormessage=\"wpforms-94-field_1-error\" required><\/div><div id=\"wpforms-94-field_2-container\" class=\"wpforms-field wpforms-field-textarea\" data-field-id=\"2\"><label class=\"wpforms-field-label\" for=\"wpforms-94-field_2\">Poruka <span class=\"wpforms-required-label\" aria-hidden=\"true\">*<\/span><\/label><textarea id=\"wpforms-94-field_2\" class=\"wpforms-field-medium wpforms-field-required\" name=\"wpforms[fields][2]\" aria-errormessage=\"wpforms-94-field_2-error\" required><\/textarea><\/div><\/div><!-- .wpforms-field-container --><div class=\"wpforms-field wpforms-field-hp\"><label for=\"wpforms-94-field-hp\" class=\"wpforms-field-label\">Comment<\/label><input type=\"text\" name=\"wpforms[hp]\" id=\"wpforms-94-field-hp\" class=\"wpforms-field-medium\"><\/div><div class=\"wpforms-recaptcha-container wpforms-is-recaptcha wpforms-is-recaptcha-type-invisible\" ><div class=\"g-recaptcha\" data-sitekey=\"6LcNL3klAAAAAP7LodQL-SeReWCA3YK4qeB4JJsS\" data-size=\"invisible\"><\/div><\/div><div class=\"wpforms-submit-container\" ><input type=\"hidden\" name=\"wpforms[id]\" value=\"94\"><input type=\"hidden\" name=\"page_title\" value=\"\"><input type=\"hidden\" name=\"page_url\" value=\"https:\/\/mediaplannerblog.com\/sr\/wp-json\/wp\/v2\/pages\/92\"><input type=\"hidden\" name=\"url_referer\" value=\"\"><button type=\"submit\" name=\"wpforms[submit]\" id=\"wpforms-submit-94\" class=\"wpforms-submit\" data-alt-text=\"Sending...\" data-submit-text=\"Po\u0161alji\" aria-live=\"assertive\" value=\"wpforms-submit\">Po\u0161alji<\/button><\/div><\/form><\/div>  <!-- .wpforms-container -->\n\n\n<p><\/p>\n","protected":false},"excerpt":{"rendered":"<p>Ima\u0161 pitanje, predlog? Pi\u0161i mi. Ukoliko vam je potrebna pomo\u0107 oko marketinga, imate sugestiju, pitanje ili jednostavno \u017eelite da me pohvalite slobodno me kontaktirajte i potrudi\u0107u se da odgovorim u \u0161to kra\u0107em roku.<\/p>","protected":false},"author":2,"featured_media":0,"parent":0,"menu_order":0,"comment_status":"closed","ping_status":"closed","template":"","meta":{"_genesis_hide_title":true,"_genesis_hide_breadcrumbs":false,"_genesis_hide_singular_image":false,"_genesis_hide_footer_widgets":false,"_genesis_custom_body_class":"","_genesis_custom_post_class":"","_genesis_layout":"full-width-content","footnotes":""},"categories":[],"tags":[],"class_list":{"0":"post-92","1":"page","2":"type-page","3":"status-publish","5":"entry"},"yoast_head":"<!-- This site is optimized with the Yoast SEO plugin v27.4 - https:\/\/yoast.com\/product\/yoast-seo-wordpress\/ -->\n<title>Kontakt - mediaplannerblog<\/title>\n<meta name=\"robots\" content=\"noindex, nofollow\" \/>\n<meta property=\"og:locale\" content=\"sr_RS\" \/>\n<meta property=\"og:type\" content=\"article\" \/>\n<meta property=\"og:title\" content=\"Kontakt - mediaplannerblog\" \/>\n<meta property=\"og:description\" content=\"Ima\u0161 pitanje, predlog? Pi\u0161i mi. Ukoliko vam je potrebna pomo\u0107 oko marketinga, imate sugestiju, pitanje ili jednostavno \u017eelite da me pohvalite slobodno me kontaktirajte i potrudi\u0107u se da odgovorim u \u0161to kra\u0107em roku.\" \/>\n<meta property=\"og:url\" content=\"https:\/\/mediaplannerblog.com\/sr\/kontakt\/\" \/>\n<meta property=\"og:site_name\" content=\"mediaplannerblog\" \/>\n<meta property=\"article:publisher\" content=\"https:\/\/www.facebook.com\/mediaplannerblog\" \/>\n<meta property=\"article:modified_time\" content=\"2023-04-20T10:44:19+00:00\" \/>\n<meta property=\"og:image\" content=\"https:\/\/mediaplannerblog.com\/wp-content\/uploads\/2021\/03\/mediaplannerblog-logo1200x600.png\" \/>\n\t<meta property=\"og:image:width\" content=\"5000\" \/>\n\t<meta property=\"og:image:height\" content=\"2501\" \/>\n\t<meta property=\"og:image:type\" content=\"image\/png\" \/>\n<meta name=\"twitter:card\" content=\"summary_large_image\" \/>\n<meta name=\"twitter:label1\" content=\"\u041f\u0440\u043e\u0446\u0435\u045a\u0435\u043d\u043e \u0432\u0440\u0435\u043c\u0435 \u0447\u0438\u0442\u0430\u045a\u0430\" \/>\n\t<meta name=\"twitter:data1\" content=\"1 \u043c\u0438\u043d\u0443\u0442\" \/>\n<script type=\"application\/ld+json\" class=\"yoast-schema-graph\">{\"@context\":\"https:\\\/\\\/schema.org\",\"@graph\":[{\"@type\":\"WebPage\",\"@id\":\"https:\\\/\\\/mediaplannerblog.com\\\/kontakt\\\/\",\"url\":\"https:\\\/\\\/mediaplannerblog.com\\\/kontakt\\\/\",\"name\":\"Kontakt - mediaplannerblog\",\"isPartOf\":{\"@id\":\"https:\\\/\\\/mediaplannerblog.com\\\/#website\"},\"datePublished\":\"2020-07-29T19:33:18+00:00\",\"dateModified\":\"2023-04-20T10:44:19+00:00\",\"breadcrumb\":{\"@id\":\"https:\\\/\\\/mediaplannerblog.com\\\/kontakt\\\/#breadcrumb\"},\"inLanguage\":\"sr-RS\",\"potentialAction\":[{\"@type\":\"ReadAction\",\"target\":[\"https:\\\/\\\/mediaplannerblog.com\\\/kontakt\\\/\"]}]},{\"@type\":\"BreadcrumbList\",\"@id\":\"https:\\\/\\\/mediaplannerblog.com\\\/kontakt\\\/#breadcrumb\",\"itemListElement\":[{\"@type\":\"ListItem\",\"position\":1,\"name\":\"Naslovna\",\"item\":\"https:\\\/\\\/mediaplannerblog.com\\\/\"},{\"@type\":\"ListItem\",\"position\":2,\"name\":\"Kontakt\"}]},{\"@type\":\"WebSite\",\"@id\":\"https:\\\/\\\/mediaplannerblog.com\\\/#website\",\"url\":\"https:\\\/\\\/mediaplannerblog.com\\\/\",\"name\":\"mediaplannerblog\",\"description\":\"Blog o osnovama marketinga i na\u010dinu na koji funkcioni\u0161u mediji. Sve ono \u0161to vas zanima o digitalnom marketingu, SEM, SEO, Google Analytics, kao i offline medijima\",\"publisher\":{\"@id\":\"https:\\\/\\\/mediaplannerblog.com\\\/#organization\"},\"potentialAction\":[{\"@type\":\"SearchAction\",\"target\":{\"@type\":\"EntryPoint\",\"urlTemplate\":\"https:\\\/\\\/mediaplannerblog.com\\\/?s={search_term_string}\"},\"query-input\":{\"@type\":\"PropertyValueSpecification\",\"valueRequired\":true,\"valueName\":\"search_term_string\"}}],\"inLanguage\":\"sr-RS\"},{\"@type\":\"Organization\",\"@id\":\"https:\\\/\\\/mediaplannerblog.com\\\/#organization\",\"name\":\"MEDIAPLANNERBLOG\",\"url\":\"https:\\\/\\\/mediaplannerblog.com\\\/\",\"logo\":{\"@type\":\"ImageObject\",\"inLanguage\":\"sr-RS\",\"@id\":\"https:\\\/\\\/mediaplannerblog.com\\\/#\\\/schema\\\/logo\\\/image\\\/\",\"url\":\"https:\\\/\\\/mediaplannerblog.com\\\/wp-content\\\/uploads\\\/2020\\\/11\\\/9-prema-16-full-HD.png\",\"contentUrl\":\"https:\\\/\\\/mediaplannerblog.com\\\/wp-content\\\/uploads\\\/2020\\\/11\\\/9-prema-16-full-HD.png\",\"width\":4501,\"height\":8001,\"caption\":\"MEDIAPLANNERBLOG\"},\"image\":{\"@id\":\"https:\\\/\\\/mediaplannerblog.com\\\/#\\\/schema\\\/logo\\\/image\\\/\"},\"sameAs\":[\"https:\\\/\\\/www.facebook.com\\\/mediaplannerblog\",\"https:\\\/\\\/www.instagram.com\\\/mediaplannerblog\\\/\"]}]}<\/script>\n<!-- \/ Yoast SEO plugin. -->","yoast_head_json":{"title":"Kontakt - mediaplannerblog","robots":{"index":"noindex","follow":"nofollow"},"og_locale":"sr_RS","og_type":"article","og_title":"Kontakt - mediaplannerblog","og_description":"Ima\u0161 pitanje, predlog? Pi\u0161i mi. Ukoliko vam je potrebna pomo\u0107 oko marketinga, imate sugestiju, pitanje ili jednostavno \u017eelite da me pohvalite slobodno me kontaktirajte i potrudi\u0107u se da odgovorim u \u0161to kra\u0107em roku.","og_url":"https:\/\/mediaplannerblog.com\/sr\/kontakt\/","og_site_name":"mediaplannerblog","article_publisher":"https:\/\/www.facebook.com\/mediaplannerblog","article_modified_time":"2023-04-20T10:44:19+00:00","og_image":[{"width":5000,"height":2501,"url":"https:\/\/mediaplannerblog.com\/wp-content\/uploads\/2021\/03\/mediaplannerblog-logo1200x600.png","type":"image\/png"}],"twitter_card":"summary_large_image","twitter_misc":{"\u041f\u0440\u043e\u0446\u0435\u045a\u0435\u043d\u043e \u0432\u0440\u0435\u043c\u0435 \u0447\u0438\u0442\u0430\u045a\u0430":"1 \u043c\u0438\u043d\u0443\u0442"},"schema":{"@context":"https:\/\/schema.org","@graph":[{"@type":"WebPage","@id":"https:\/\/mediaplannerblog.com\/kontakt\/","url":"https:\/\/mediaplannerblog.com\/kontakt\/","name":"Kontakt - mediaplannerblog","isPartOf":{"@id":"https:\/\/mediaplannerblog.com\/#website"},"datePublished":"2020-07-29T19:33:18+00:00","dateModified":"2023-04-20T10:44:19+00:00","breadcrumb":{"@id":"https:\/\/mediaplannerblog.com\/kontakt\/#breadcrumb"},"inLanguage":"sr-RS","potentialAction":[{"@type":"ReadAction","target":["https:\/\/mediaplannerblog.com\/kontakt\/"]}]},{"@type":"BreadcrumbList","@id":"https:\/\/mediaplannerblog.com\/kontakt\/#breadcrumb","itemListElement":[{"@type":"ListItem","position":1,"name":"Naslovna","item":"https:\/\/mediaplannerblog.com\/"},{"@type":"ListItem","position":2,"name":"Kontakt"}]},{"@type":"WebSite","@id":"https:\/\/mediaplannerblog.com\/#website","url":"https:\/\/mediaplannerblog.com\/","name":"mediaplannerblog","description":"Blog o osnovama marketinga i na\u010dinu na koji funkcioni\u0161u mediji. Sve ono \u0161to vas zanima o digitalnom marketingu, SEM, SEO, Google Analytics, kao i offline medijima","publisher":{"@id":"https:\/\/mediaplannerblog.com\/#organization"},"potentialAction":[{"@type":"SearchAction","target":{"@type":"EntryPoint","urlTemplate":"https:\/\/mediaplannerblog.com\/?s={search_term_string}"},"query-input":{"@type":"PropertyValueSpecification","valueRequired":true,"valueName":"search_term_string"}}],"inLanguage":"sr-RS"},{"@type":"Organization","@id":"https:\/\/mediaplannerblog.com\/#organization","name":"MEDIAPLANNERBLOG","url":"https:\/\/mediaplannerblog.com\/","logo":{"@type":"ImageObject","inLanguage":"sr-RS","@id":"https:\/\/mediaplannerblog.com\/#\/schema\/logo\/image\/","url":"https:\/\/mediaplannerblog.com\/wp-content\/uploads\/2020\/11\/9-prema-16-full-HD.png","contentUrl":"https:\/\/mediaplannerblog.com\/wp-content\/uploads\/2020\/11\/9-prema-16-full-HD.png","width":4501,"height":8001,"caption":"MEDIAPLANNERBLOG"},"image":{"@id":"https:\/\/mediaplannerblog.com\/#\/schema\/logo\/image\/"},"sameAs":["https:\/\/www.facebook.com\/mediaplannerblog","https:\/\/www.instagram.com\/mediaplannerblog\/"]}]}},"featured_image_src":null,"featured_image_src_square":null,"_links":{"self":[{"href":"https:\/\/mediaplannerblog.com\/sr\/wp-json\/wp\/v2\/pages\/92","targetHints":{"allow":["GET"]}}],"collection":[{"href":"https:\/\/mediaplannerblog.com\/sr\/wp-json\/wp\/v2\/pages"}],"about":[{"href":"https:\/\/mediaplannerblog.com\/sr\/wp-json\/wp\/v2\/types\/page"}],"author":[{"embeddable":true,"href":"https:\/\/mediaplannerblog.com\/sr\/wp-json\/wp\/v2\/users\/2"}],"replies":[{"embeddable":true,"href":"https:\/\/mediaplannerblog.com\/sr\/wp-json\/wp\/v2\/comments?post=92"}],"version-history":[{"count":4,"href":"https:\/\/mediaplannerblog.com\/sr\/wp-json\/wp\/v2\/pages\/92\/revisions"}],"predecessor-version":[{"id":1793,"href":"https:\/\/mediaplannerblog.com\/sr\/wp-json\/wp\/v2\/pages\/92\/revisions\/1793"}],"wp:attachment":[{"href":"https:\/\/mediaplannerblog.com\/sr\/wp-json\/wp\/v2\/media?parent=92"}],"wp:term":[{"taxonomy":"category","embeddable":true,"href":"https:\/\/mediaplannerblog.com\/sr\/wp-json\/wp\/v2\/categories?post=92"},{"taxonomy":"post_tag","embeddable":true,"href":"https:\/\/mediaplannerblog.com\/sr\/wp-json\/wp\/v2\/tags?post=92"}],"curies":[{"name":"wp","href":"https:\/\/api.w.org\/{rel}","templated":true}]}}